{"id":932,"date":"2021-02-11T15:04:21","date_gmt":"2021-02-11T12:04:21","guid":{"rendered":"http:\/\/zeroajans.com.tr\/limbo\/?page_id=932"},"modified":"2021-06-04T11:32:30","modified_gmt":"2021-06-04T08:32:30","slug":"urunler","status":"publish","type":"page","link":"https:\/\/limbo.com.tr\/index.php\/urunler\/","title":{"rendered":"\u00dcr\u00fcnler"},"content":{"rendered":"<p><div class=\"fusion-fullwidth fullwidth-box fusion-builder-row-1 fusion-flex-container nonhundred-percent-fullwidth non-hundred-percent-height-scrolling\" style=\"background-color: rgba(255,255,255,0);background-position: center center;background-repeat: no-repeat;border-width: 0px 0px 0px 0px;border-color:#e2e2e2;border-style:solid;\" ><div class=\"fusion-builder-row fusion-row fusion-flex-align-items-stretch\" style=\"max-width:1185.6px;margin-left: calc(-4% \/ 2 );margin-right: calc(-4% \/ 2 );\"><div class=\"fusion-layout-column fusion_builder_column fusion-builder-column-0 fusion_builder_column_1_3 1_3 fusion-flex-column fusion-animated\" data-animationType=\"fadeInLeft\" data-animationDuration=\"1.0\" data-animationOffset=\"100%\"><div class=\"fusion-column-wrapper fusion-flex-justify-content-flex-start fusion-content-layout-column\" style=\"background-position:left top;background-repeat:no-repeat;-webkit-background-size:cover;-moz-background-size:cover;-o-background-size:cover;background-size:cover;padding: 0px 0px 0px 0px;\"><div ><span class=\" fusion-imageframe imageframe-none imageframe-1 hover-type-zoomin\" style=\"border-radius:8px;\"><a class=\"fusion-no-lightbox\" href=\"http:\/\/limbo.com.tr\/index.php\/urun-kategori\/seramik-ham-maddeleri\/\" target=\"_self\" aria-label=\"Seramik Hammadeleri-site\"><img decoding=\"async\" width=\"800\" height=\"450\" src=\"http:\/\/zeroajans.com.tr\/limbo\/wp-content\/uploads\/2021\/02\/Seramik-Hammadeleri-site.jpg\" class=\"img-responsive wp-image-941\" srcset=\"https:\/\/limbo.com.tr\/wp-content\/uploads\/2021\/02\/Seramik-Hammadeleri-site-200x113.jpg 200w, https:\/\/limbo.com.tr\/wp-content\/uploads\/2021\/02\/Seramik-Hammadeleri-site-400x225.jpg 400w, https:\/\/limbo.com.tr\/wp-content\/uploads\/2021\/02\/Seramik-Hammadeleri-site-600x338.jpg 600w, https:\/\/limbo.com.tr\/wp-content\/uploads\/2021\/02\/Seramik-Hammadeleri-site.jpg 800w\" sizes=\"(max-width: 1024px) 100vw, (max-width: 400px) 100vw, 400px\" \/><\/a><\/span><\/div><\/div><\/div><style type=\"text\/css\">.fusion-body .fusion-builder-column-0{width:33.333333333333% !important;margin-top : 0px;margin-bottom : 20px;}.fusion-builder-column-0 > .fusion-column-wrapper {padding-top : 0px !important;padding-right : 0px !important;margin-right : 5.76%;padding-bottom : 0px !important;padding-left : 0px !important;margin-left : 5.76%;}@media only screen and (max-width:1024px) {.fusion-body .fusion-builder-column-0{width:100% !important;}.fusion-builder-column-0 > .fusion-column-wrapper {margin-right : 1.92%;margin-left : 1.92%;}}@media only screen and (max-width:400px) {.fusion-body .fusion-builder-column-0{width:100% !important;}.fusion-builder-column-0 > .fusion-column-wrapper {margin-right : 1.92%;margin-left : 1.92%;}}<\/style><div class=\"fusion-layout-column fusion_builder_column fusion-builder-column-1 fusion_builder_column_1_3 1_3 fusion-flex-column fusion-animated\" data-animationType=\"fadeInLeft\" data-animationDuration=\"1.0\" data-animationOffset=\"100%\"><div class=\"fusion-column-wrapper fusion-flex-justify-content-flex-start fusion-content-layout-column\" style=\"background-position:left top;background-repeat:no-repeat;-webkit-background-size:cover;-moz-background-size:cover;-o-background-size:cover;background-size:cover;padding: 0px 0px 0px 0px;\"><div ><span class=\" fusion-imageframe imageframe-none imageframe-2 hover-type-zoomin\" style=\"border-radius:8px;\"><a class=\"fusion-no-lightbox\" href=\"http:\/\/limbo.com.tr\/index.php\/urun-kategori\/fabrika-kurulum-ve-ekipmanlari\/\" target=\"_self\" aria-label=\"Fabrika Kurulum ve Ekipmanlar-site\"><img decoding=\"async\" width=\"800\" height=\"450\" src=\"http:\/\/zeroajans.com.tr\/limbo\/wp-content\/uploads\/2021\/02\/Fabrika-Kurulum-ve-Ekipmanlar-site.jpg\" class=\"img-responsive wp-image-933\" srcset=\"https:\/\/limbo.com.tr\/wp-content\/uploads\/2021\/02\/Fabrika-Kurulum-ve-Ekipmanlar-site-200x113.jpg 200w, https:\/\/limbo.com.tr\/wp-content\/uploads\/2021\/02\/Fabrika-Kurulum-ve-Ekipmanlar-site-400x225.jpg 400w, https:\/\/limbo.com.tr\/wp-content\/uploads\/2021\/02\/Fabrika-Kurulum-ve-Ekipmanlar-site-600x338.jpg 600w, https:\/\/limbo.com.tr\/wp-content\/uploads\/2021\/02\/Fabrika-Kurulum-ve-Ekipmanlar-site.jpg 800w\" sizes=\"(max-width: 1024px) 100vw, (max-width: 400px) 100vw, 400px\" \/><\/a><\/span><\/div><\/div><\/div><style type=\"text\/css\">.fusion-body .fusion-builder-column-1{width:33.333333333333% !important;margin-top : 0px;margin-bottom : 20px;}.fusion-builder-column-1 > .fusion-column-wrapper {padding-top : 0px !important;padding-right : 0px !important;margin-right : 5.76%;padding-bottom : 0px !important;padding-left : 0px !important;margin-left : 5.76%;}@media only screen and (max-width:1024px) {.fusion-body .fusion-builder-column-1{width:100% !important;}.fusion-builder-column-1 > .fusion-column-wrapper {margin-right : 1.92%;margin-left : 1.92%;}}@media only screen and (max-width:400px) {.fusion-body .fusion-builder-column-1{width:100% !important;}.fusion-builder-column-1 > .fusion-column-wrapper {margin-right : 1.92%;margin-left : 1.92%;}}<\/style><div class=\"fusion-layout-column fusion_builder_column fusion-builder-column-2 fusion_builder_column_1_3 1_3 fusion-flex-column fusion-animated\" data-animationType=\"fadeInLeft\" data-animationDuration=\"1.0\" data-animationOffset=\"100%\"><div class=\"fusion-column-wrapper fusion-flex-justify-content-flex-start fusion-content-layout-column\" style=\"background-position:left top;background-repeat:no-repeat;-webkit-background-size:cover;-moz-background-size:cover;-o-background-size:cover;background-size:cover;padding: 0px 0px 0px 0px;\"><div ><span class=\" fusion-imageframe imageframe-none imageframe-3 hover-type-zoomin\" style=\"border-radius:8px;\"><a class=\"fusion-no-lightbox\" href=\"http:\/\/limbo.com.tr\/index.php\/urun-kategori\/isletme-fabrika-yardimci-malzemeler\/\" target=\"_self\" aria-label=\"\u0130\u015fletme Fabrika yard\u0131mc\u0131 malzemeler-site\"><img decoding=\"async\" width=\"800\" height=\"450\" src=\"http:\/\/zeroajans.com.tr\/limbo\/wp-content\/uploads\/2021\/02\/Isletme-Fabrika-yardimci-malzemeler-site.jpg\" class=\"img-responsive wp-image-939\" srcset=\"https:\/\/limbo.com.tr\/wp-content\/uploads\/2021\/02\/Isletme-Fabrika-yardimci-malzemeler-site-200x113.jpg 200w, https:\/\/limbo.com.tr\/wp-content\/uploads\/2021\/02\/Isletme-Fabrika-yardimci-malzemeler-site-400x225.jpg 400w, https:\/\/limbo.com.tr\/wp-content\/uploads\/2021\/02\/Isletme-Fabrika-yardimci-malzemeler-site-600x338.jpg 600w, https:\/\/limbo.com.tr\/wp-content\/uploads\/2021\/02\/Isletme-Fabrika-yardimci-malzemeler-site.jpg 800w\" sizes=\"(max-width: 1024px) 100vw, (max-width: 400px) 100vw, 400px\" \/><\/a><\/span><\/div><\/div><\/div><style type=\"text\/css\">.fusion-body .fusion-builder-column-2{width:33.333333333333% !important;margin-top : 0px;margin-bottom : 20px;}.fusion-builder-column-2 > .fusion-column-wrapper {padding-top : 0px !important;padding-right : 0px !important;margin-right : 5.76%;padding-bottom : 0px !important;padding-left : 0px !important;margin-left : 5.76%;}@media only screen and (max-width:1024px) {.fusion-body .fusion-builder-column-2{width:100% !important;}.fusion-builder-column-2 > .fusion-column-wrapper {margin-right : 1.92%;margin-left : 1.92%;}}@media only screen and (max-width:400px) {.fusion-body .fusion-builder-column-2{width:100% !important;}.fusion-builder-column-2 > .fusion-column-wrapper {margin-right : 1.92%;margin-left : 1.92%;}}<\/style><div class=\"fusion-layout-column fusion_builder_column fusion-builder-column-3 fusion_builder_column_1_2 1_2 fusion-flex-column fusion-animated\" data-animationType=\"fadeInLeft\" data-animationDuration=\"1.0\" data-animationOffset=\"100%\"><div class=\"fusion-column-wrapper fusion-flex-justify-content-flex-start fusion-content-layout-column\" style=\"background-position:left top;background-repeat:no-repeat;-webkit-background-size:cover;-moz-background-size:cover;-o-background-size:cover;background-size:cover;padding: 0px 0px 0px 0px;\"><div ><span class=\" fusion-imageframe imageframe-none imageframe-4 hover-type-zoomin\" style=\"border-radius:8px;\"><a class=\"fusion-no-lightbox\" href=\"http:\/\/limbo.com.tr\/index.php\/urun-kategori\/kesme-ekipmanlari\/\" target=\"_self\" aria-label=\"Kesme Ekipmanlar\u0131-s\u015fte\"><img decoding=\"async\" width=\"800\" height=\"450\" src=\"http:\/\/zeroajans.com.tr\/limbo\/wp-content\/uploads\/2021\/02\/Kesme-Ekipmanlari-sste.jpg\" class=\"img-responsive wp-image-943\" srcset=\"https:\/\/limbo.com.tr\/wp-content\/uploads\/2021\/02\/Kesme-Ekipmanlari-sste-200x113.jpg 200w, https:\/\/limbo.com.tr\/wp-content\/uploads\/2021\/02\/Kesme-Ekipmanlari-sste-400x225.jpg 400w, https:\/\/limbo.com.tr\/wp-content\/uploads\/2021\/02\/Kesme-Ekipmanlari-sste-600x338.jpg 600w, https:\/\/limbo.com.tr\/wp-content\/uploads\/2021\/02\/Kesme-Ekipmanlari-sste.jpg 800w\" sizes=\"(max-width: 1024px) 100vw, (max-width: 400px) 100vw, 600px\" \/><\/a><\/span><\/div><\/div><\/div><style type=\"text\/css\">.fusion-body .fusion-builder-column-3{width:50% !important;margin-top : 0px;margin-bottom : 20px;}.fusion-builder-column-3 > .fusion-column-wrapper {padding-top : 0px !important;padding-right : 0px !important;margin-right : 3.84%;padding-bottom : 0px !important;padding-left : 0px !important;margin-left : 3.84%;}@media only screen and (max-width:1024px) {.fusion-body .fusion-builder-column-3{width:100% !important;}.fusion-builder-column-3 > .fusion-column-wrapper {margin-right : 1.92%;margin-left : 1.92%;}}@media only screen and (max-width:400px) {.fusion-body .fusion-builder-column-3{width:100% !important;}.fusion-builder-column-3 > .fusion-column-wrapper {margin-right : 1.92%;margin-left : 1.92%;}}<\/style><div class=\"fusion-layout-column fusion_builder_column fusion-builder-column-4 fusion_builder_column_1_2 1_2 fusion-flex-column fusion-animated\" data-animationType=\"fadeInLeft\" data-animationDuration=\"1.0\" data-animationOffset=\"100%\"><div class=\"fusion-column-wrapper fusion-flex-justify-content-flex-start fusion-content-layout-column\" style=\"background-position:left top;background-repeat:no-repeat;-webkit-background-size:cover;-moz-background-size:cover;-o-background-size:cover;background-size:cover;padding: 0px 0px 0px 0px;\"><div ><span class=\" fusion-imageframe imageframe-none imageframe-5 hover-type-zoomin\" style=\"border-radius:8px;\"><a class=\"fusion-no-lightbox\" href=\"http:\/\/limbo.com.tr\/index.php\/urun-kategori\/yardimci-hammaddeler-kerafirit\/\" target=\"_self\" aria-label=\"yardimcihammadde\"><img decoding=\"async\" width=\"800\" height=\"450\" src=\"http:\/\/zeroajans.com.tr\/limbo\/wp-content\/uploads\/2021\/04\/yardimcihammadde.jpg\" class=\"img-responsive wp-image-1271\" srcset=\"https:\/\/limbo.com.tr\/wp-content\/uploads\/2021\/04\/yardimcihammadde-200x113.jpg 200w, https:\/\/limbo.com.tr\/wp-content\/uploads\/2021\/04\/yardimcihammadde-400x225.jpg 400w, https:\/\/limbo.com.tr\/wp-content\/uploads\/2021\/04\/yardimcihammadde-600x338.jpg 600w, https:\/\/limbo.com.tr\/wp-content\/uploads\/2021\/04\/yardimcihammadde.jpg 800w\" sizes=\"(max-width: 1024px) 100vw, (max-width: 400px) 100vw, 600px\" \/><\/a><\/span><\/div><\/div><\/div><style type=\"text\/css\">.fusion-body .fusion-builder-column-4{width:50% !important;margin-top : 0px;margin-bottom : 20px;}.fusion-builder-column-4 > .fusion-column-wrapper {padding-top : 0px !important;padding-right : 0px !important;margin-right : 3.84%;padding-bottom : 0px !important;padding-left : 0px !important;margin-left : 3.84%;}@media only screen and (max-width:1024px) {.fusion-body .fusion-builder-column-4{width:100% !important;}.fusion-builder-column-4 > .fusion-column-wrapper {margin-right : 1.92%;margin-left : 1.92%;}}@media only screen and (max-width:400px) {.fusion-body .fusion-builder-column-4{width:100% !important;}.fusion-builder-column-4 > .fusion-column-wrapper {margin-right : 1.92%;margin-left : 1.92%;}}<\/style><\/div><style type=\"text\/css\">.fusion-body .fusion-flex-container.fusion-builder-row-1{ padding-top : 6%;margin-top : 0px;padding-right : 0px;padding-bottom : 6%;margin-bottom : 0px;padding-left : 0px;}<\/style><\/div><div class=\"fusion-fullwidth fullwidth-box fusion-builder-row-2 fusion-flex-container nonhundred-percent-fullwidth non-hundred-percent-height-scrolling\" style=\"background-color: rgba(255,255,255,0);background-position: center center;background-repeat: no-repeat;border-width: 0px 0px 0px 0px;border-color:#e2e2e2;border-style:solid;\" ><div class=\"fusion-builder-row fusion-row fusion-flex-align-items-flex-start\" style=\"max-width:1185.6px;margin-left: calc(-4% \/ 2 );margin-right: calc(-4% \/ 2 );\"><div class=\"fusion-layout-column fusion_builder_column fusion-builder-column-5 fusion_builder_column_1_1 1_1 fusion-flex-column fusion-animated\" data-animationType=\"fadeInUp\" data-animationDuration=\"1.0\" data-animationOffset=\"100%\"><div class=\"fusion-column-wrapper fusion-flex-justify-content-flex-start fusion-content-layout-column\" style=\"background-position:left top;background-repeat:no-repeat;-webkit-background-size:cover;-moz-background-size:cover;-o-background-size:cover;background-size:cover;padding: 0px 0px 0px 0px;\"><div class=\"fusion-image-carousel fusion-image-carousel-fixed fusion-carousel-border\"><div class=\"fusion-carousel\" data-autoplay=\"no\" data-columns=\"5\" data-itemmargin=\"13\" data-itemwidth=\"180\" data-touchscroll=\"no\" data-imagesize=\"fixed\"><div class=\"fusion-carousel-positioner\"><ul class=\"fusion-carousel-holder\"><li class=\"fusion-carousel-item\"><div class=\"fusion-carousel-item-wrapper\"><div class=\"fusion-image-wrapper hover-type-none\"><img decoding=\"async\" width=\"283\" height=\"82\" src=\"https:\/\/limbo.com.tr\/wp-content\/uploads\/2021\/02\/logo-annovi.png\" class=\"attachment-blog-medium size-blog-medium\" alt=\"\" srcset=\"https:\/\/limbo.com.tr\/wp-content\/uploads\/2021\/02\/logo-annovi-200x58.png 200w, https:\/\/limbo.com.tr\/wp-content\/uploads\/2021\/02\/logo-annovi.png 283w\" sizes=\"(min-width: 2200px) 100vw, (min-width: 928px) 218px, (min-width: 856px) 272px, (min-width: 784px) 363px, (min-width: 712px) 544px, (min-width: 640px) 712px, \" \/><\/div><\/div><\/li><li class=\"fusion-carousel-item\"><div class=\"fusion-carousel-item-wrapper\"><div class=\"fusion-image-wrapper hover-type-none\"><img decoding=\"async\" width=\"215\" height=\"62\" src=\"https:\/\/limbo.com.tr\/wp-content\/uploads\/2021\/02\/cergomma.png\" class=\"attachment-blog-medium size-blog-medium\" alt=\"\" srcset=\"https:\/\/limbo.com.tr\/wp-content\/uploads\/2021\/02\/cergomma-200x58.png 200w, https:\/\/limbo.com.tr\/wp-content\/uploads\/2021\/02\/cergomma.png 215w\" sizes=\"(min-width: 2200px) 100vw, (min-width: 928px) 218px, (min-width: 856px) 272px, (min-width: 784px) 363px, (min-width: 712px) 544px, (min-width: 640px) 712px, \" \/><\/div><\/div><\/li><li class=\"fusion-carousel-item\"><div class=\"fusion-carousel-item-wrapper\"><div class=\"fusion-image-wrapper hover-type-none\"><img decoding=\"async\" width=\"215\" height=\"62\" src=\"https:\/\/limbo.com.tr\/wp-content\/uploads\/2021\/02\/seedex.png\" class=\"attachment-blog-medium size-blog-medium\" alt=\"\" srcset=\"https:\/\/limbo.com.tr\/wp-content\/uploads\/2021\/02\/seedex-200x58.png 200w, https:\/\/limbo.com.tr\/wp-content\/uploads\/2021\/02\/seedex.png 215w\" sizes=\"(min-width: 2200px) 100vw, (min-width: 928px) 218px, (min-width: 856px) 272px, (min-width: 784px) 363px, (min-width: 712px) 544px, (min-width: 640px) 712px, \" \/><\/div><\/div><\/li><li class=\"fusion-carousel-item\"><div class=\"fusion-carousel-item-wrapper\"><div class=\"fusion-image-wrapper hover-type-none\"><img decoding=\"async\" width=\"215\" height=\"62\" src=\"https:\/\/limbo.com.tr\/wp-content\/uploads\/2021\/02\/virto.png\" class=\"attachment-blog-medium size-blog-medium\" alt=\"\" srcset=\"https:\/\/limbo.com.tr\/wp-content\/uploads\/2021\/02\/virto-200x58.png 200w, https:\/\/limbo.com.tr\/wp-content\/uploads\/2021\/02\/virto.png 215w\" sizes=\"(min-width: 2200px) 100vw, (min-width: 928px) 218px, (min-width: 856px) 272px, (min-width: 784px) 363px, (min-width: 712px) 544px, (min-width: 640px) 712px, \" \/><\/div><\/div><\/li><li class=\"fusion-carousel-item\"><div class=\"fusion-carousel-item-wrapper\"><div class=\"fusion-image-wrapper hover-type-none\"><img decoding=\"async\" width=\"215\" height=\"62\" src=\"https:\/\/limbo.com.tr\/wp-content\/uploads\/2021\/02\/sacmi.png\" class=\"attachment-blog-medium size-blog-medium\" alt=\"\" srcset=\"https:\/\/limbo.com.tr\/wp-content\/uploads\/2021\/02\/sacmi-200x58.png 200w, https:\/\/limbo.com.tr\/wp-content\/uploads\/2021\/02\/sacmi.png 215w\" sizes=\"(min-width: 2200px) 100vw, (min-width: 928px) 218px, (min-width: 856px) 272px, (min-width: 784px) 363px, (min-width: 712px) 544px, (min-width: 640px) 712px, \" \/><\/div><\/div><\/li><li class=\"fusion-carousel-item\"><div class=\"fusion-carousel-item-wrapper\"><div class=\"fusion-image-wrapper hover-type-none\"><img decoding=\"async\" width=\"215\" height=\"62\" src=\"https:\/\/limbo.com.tr\/wp-content\/uploads\/2021\/02\/interser.png\" class=\"attachment-blog-medium size-blog-medium\" alt=\"\" srcset=\"https:\/\/limbo.com.tr\/wp-content\/uploads\/2021\/02\/interser-200x58.png 200w, https:\/\/limbo.com.tr\/wp-content\/uploads\/2021\/02\/interser.png 215w\" sizes=\"(min-width: 2200px) 100vw, (min-width: 928px) 218px, (min-width: 856px) 272px, (min-width: 784px) 363px, (min-width: 712px) 544px, (min-width: 640px) 712px, \" \/><\/div><\/div><\/li><\/ul><div class=\"fusion-carousel-nav\"><span class=\"fusion-nav-prev\"><\/span><span class=\"fusion-nav-next\"><\/span><\/div><\/div><\/div><\/div><\/div><\/div><style type=\"text\/css\">.fusion-body .fusion-builder-column-5{width:100% !important;margin-top : 0px;margin-bottom : 20px;}.fusion-builder-column-5 > .fusion-column-wrapper {padding-top : 0px !important;padding-right : 0px !important;margin-right : 1.92%;padding-bottom : 0px !important;padding-left : 0px !important;margin-left : 1.92%;}@media only screen and (max-width:1024px) {.fusion-body .fusion-builder-column-5{width:33.333333333333% !important;}.fusion-builder-column-5 > .fusion-column-wrapper {margin-right : 5.76%;margin-left : 5.76%;}}@media only screen and (max-width:400px) {.fusion-body .fusion-builder-column-5{width:50% !important;}.fusion-builder-column-5 > .fusion-column-wrapper {margin-right : 3.84%;margin-left : 3.84%;}}<\/style><\/div><style type=\"text\/css\">.fusion-body .fusion-flex-container.fusion-builder-row-2{ padding-top : 0px;margin-top : 0px;padding-right : 0px;padding-bottom : 0%;margin-bottom : 0px;padding-left : 0px;}<\/style><\/div><\/p>\n","protected":false},"excerpt":{"rendered":"","protected":false},"author":2,"featured_media":1098,"parent":0,"menu_order":0,"comment_status":"closed","ping_status":"closed","template":"100-width.php","meta":{"footnotes":""},"class_list":["post-932","page","type-page","status-publish","has-post-thumbnail","hentry"],"_links":{"self":[{"href":"https:\/\/limbo.com.tr\/index.php\/wp-json\/wp\/v2\/pages\/932","targetHints":{"allow":["GET"]}}],"collection":[{"href":"https:\/\/limbo.com.tr\/index.php\/wp-json\/wp\/v2\/pages"}],"about":[{"href":"https:\/\/limbo.com.tr\/index.php\/wp-json\/wp\/v2\/types\/page"}],"author":[{"embeddable":true,"href":"https:\/\/limbo.com.tr\/index.php\/wp-json\/wp\/v2\/users\/2"}],"replies":[{"embeddable":true,"href":"https:\/\/limbo.com.tr\/index.php\/wp-json\/wp\/v2\/comments?post=932"}],"version-history":[{"count":11,"href":"https:\/\/limbo.com.tr\/index.php\/wp-json\/wp\/v2\/pages\/932\/revisions"}],"predecessor-version":[{"id":1284,"href":"https:\/\/limbo.com.tr\/index.php\/wp-json\/wp\/v2\/pages\/932\/revisions\/1284"}],"wp:featuredmedia":[{"embeddable":true,"href":"https:\/\/limbo.com.tr\/index.php\/wp-json\/wp\/v2\/media\/1098"}],"wp:attachment":[{"href":"https:\/\/limbo.com.tr\/index.php\/wp-json\/wp\/v2\/media?parent=932"}],"curies":[{"name":"wp","href":"https:\/\/api.w.org\/{rel}","templated":true}]}}